{"id":1895,"date":"2024-03-13T15:38:00","date_gmt":"2024-03-13T13:38:00","guid":{"rendered":"https:\/\/wolfoximperial.com\/?page_id=1895"},"modified":"2024-03-14T13:36:17","modified_gmt":"2024-03-14T11:36:17","slug":"shipping","status":"publish","type":"page","link":"https:\/\/wolfoximperial.com\/en\/shipping\/","title":{"rendered":"Shipping"},"content":{"rendered":"<h2>Pieg\u0101de<\/h2>\n<ul>\n<li>\n<h3>Latvija:<\/h3>\n<div>\n<p>\u2022 Pieg\u0101de Latvij\u0101 tiek veikta 1-5 darba dienu laik\u0101 uz Omnivas pakom\u0101tiem.<br \/>\u2022 Pieg\u0101des izmaksas tiek apr\u0113\u0137in\u0101tas autom\u0101tiski, atkar\u012bb\u0101 no pas\u016bt\u012bjuma kopsummas, pas\u016bt\u012bjuma svara.<\/p>\n<p><strong>Omniva<\/strong>:<br \/>Izm\u0113rs (S) \u2013 \u20ac3.50<br \/>Izm\u0113rs (M) \u2013 \u20ac4.50<br \/>Izm\u0113rs (L) \u2013 \u20ac5.50<\/p>\n<\/div>\n<\/li>\n<li>\n<h3>Lietuva, Igaunija<\/h3>\n<div>\n<p><strong>Omniva<\/strong>:<br \/>Izm\u0113rs (S) \u2013 \u20ac6.50<br \/>Izm\u0113rs (M) \u2013 \u20ac7.50<br \/>Izm\u0113rs (L) \u2013 \u20ac8.50<\/p>\n<\/div>\n<\/li>\n<li>\n<h3>Eirope (EU)<\/h3>\n<div>\n<p>Pakas izs\u016btam ar kurjeru dienesta <strong>Omniva<\/strong> starpniec\u012bbu.<\/p>\n<\/div>\n<\/li>\n<\/ul>\n<p><!--more--><br \/>\n<!-- {\"type\":\"layout\",\"children\":[{\"type\":\"section\",\"props\":{\"animation\":\"fade\",\"image_position\":\"center-center\",\"padding\":\"xlarge\",\"style\":\"default\",\"title_breakpoint\":\"xl\",\"title_position\":\"top-left\",\"title_rotation\":\"left\",\"vertical_align\":\"middle\",\"width\":\"\"},\"children\":[{\"type\":\"row\",\"props\":{\"column_gap\":\"large\",\"layout\":\"1-2,1-2\",\"row_gap\":\"large\",\"width\":\"large\"},\"children\":[{\"type\":\"column\",\"props\":{\"image_position\":\"center-center\",\"position_sticky\":\"column\",\"position_sticky_breakpoint\":\"m\",\"position_sticky_offset\":\"100px\",\"width_medium\":\"1-2\"},\"children\":[{\"type\":\"headline\",\"props\":{\"content\":\"Pieg\\u0101de\",\"text_align\":\"left\",\"title_element\":\"h2\",\"title_style\":\"heading-medium\"}}]},{\"type\":\"column\",\"props\":{\"image_position\":\"center-center\",\"position_sticky_breakpoint\":\"m\",\"width_medium\":\"1-2\"},\"children\":[{\"type\":\"grid\",\"props\":{\"animation\":\"slide-bottom-small\",\"content_column_breakpoint\":\"m\",\"filter_align\":\"left\",\"filter_all\":true,\"filter_grid_breakpoint\":\"m\",\"filter_grid_width\":\"auto\",\"filter_position\":\"top\",\"filter_style\":\"tab\",\"grid_default\":\"1\",\"grid_divider\":true,\"grid_medium\":\"\",\"icon_width\":80,\"image_align\":\"top\",\"image_grid_breakpoint\":\"m\",\"image_grid_width\":\"1-2\",\"image_svg_color\":\"emphasis\",\"item_animation\":true,\"link_style\":\"default\",\"link_text\":\"Read more\",\"margin\":\"default\",\"meta_align\":\"below-title\",\"meta_element\":\"div\",\"meta_style\":\"text-meta\",\"show_content\":true,\"show_image\":true,\"show_link\":true,\"show_meta\":true,\"show_title\":true,\"title_align\":\"top\",\"title_decoration\":\"bullet\",\"title_element\":\"h3\",\"title_grid_breakpoint\":\"m\",\"title_grid_width\":\"1-2\",\"title_hover_style\":\"reset\"},\"children\":[{\"type\":\"grid_item\",\"props\":{\"content\":\"\n\n<p>\\u2022 Pieg\\u0101de Latvij\\u0101 tiek veikta 1-5 darba dienu laik\\u0101 uz Omnivas pakom\\u0101tiem.<br \\\/>\\u2022 Pieg\\u0101des izmaksas tiek apr\\u0113\\u0137in\\u0101tas autom\\u0101tiski, atkar\\u012bb\\u0101 no pas\\u016bt\\u012bjuma kopsummas, pas\\u016bt\\u012bjuma svara.<br \\\/><br \\\/><strong>Omniva<\\\/strong>:<br \\\/>Izm\\u0113rs (S) \\u2013 \\u20ac3.50<br \\\/>Izm\\u0113rs (M) \\u2013 \\u20ac4.50<br \\\/>Izm\\u0113rs (L) \\u2013 \\u20ac5.50<\\\/p>\",\"title\":\"Latvija:\"}},{\"type\":\"grid_item\",\"props\":{\"content\":\"\n\n<p><strong>Omniva<\\\/strong>:<br \\\/>Izm\\u0113rs (S) \\u2013 \\u20ac6.50<br \\\/>Izm\\u0113rs (M) \\u2013 \\u20ac7.50<br \\\/>Izm\\u0113rs (L) \\u2013 \\u20ac8.50<\\\/p>\",\"title\":\"Lietuva, Igaunija\"}},{\"type\":\"grid_item\",\"props\":{\"content\":\"\n\n<p>Pakas izs\\u016btam ar kurjeru dienesta <strong>Omniva<\\\/strong> starpniec\\u012bbu.<\\\/p>\",\"title\":\"Eirope (EU)\"}}]}]}]}],\"name\":\"About\"}],\"version\":\"4.3.7\"} --><\/p>\n","protected":false},"excerpt":{"rendered":"<p>Pieg\u0101de Latvija: \u2022 Pieg\u0101de Latvij\u0101 tiek veikta 1-5 darba dienu laik\u0101 uz Omnivas pakom\u0101tiem.\u2022 Pieg\u0101des izmaksas tiek apr\u0113\u0137in\u0101tas autom\u0101tiski, atkar\u012bb\u0101 no pas\u016bt\u012bjuma kopsummas, pas\u016bt\u012bjuma svara. Omniva:Izm\u0113rs (S) \u2013 \u20ac3.50Izm\u0113rs (M) \u2013 \u20ac4.50Izm\u0113rs (L) \u2013 \u20ac5.50 Lietuva, Igaunija Omniva:Izm\u0113rs (S) \u2013 \u20ac6.50Izm\u0113rs (M) \u2013 \u20ac7.50Izm\u0113rs (L) \u2013 \u20ac8.50 Eirope (EU) Pakas izs\u016btam ar kurjeru dienesta Omniva [&hellip;]<\/p>\n","protected":false},"author":1,"featured_media":0,"parent":0,"menu_order":0,"comment_status":"closed","ping_status":"closed","template":"","meta":{"footnotes":""},"class_list":["post-1895","page","type-page","status-publish","hentry"],"_links":{"self":[{"href":"https:\/\/wolfoximperial.com\/en\/wp-json\/wp\/v2\/pages\/1895","targetHints":{"allow":["GET"]}}],"collection":[{"href":"https:\/\/wolfoximperial.com\/en\/wp-json\/wp\/v2\/pages"}],"about":[{"href":"https:\/\/wolfoximperial.com\/en\/wp-json\/wp\/v2\/types\/page"}],"author":[{"embeddable":true,"href":"https:\/\/wolfoximperial.com\/en\/wp-json\/wp\/v2\/users\/1"}],"replies":[{"embeddable":true,"href":"https:\/\/wolfoximperial.com\/en\/wp-json\/wp\/v2\/comments?post=1895"}],"version-history":[{"count":0,"href":"https:\/\/wolfoximperial.com\/en\/wp-json\/wp\/v2\/pages\/1895\/revisions"}],"wp:attachment":[{"href":"https:\/\/wolfoximperial.com\/en\/wp-json\/wp\/v2\/media?parent=1895"}],"curies":[{"name":"wp","href":"https:\/\/api.w.org\/{rel}","templated":true}]}}