{"id":1897,"date":"2024-03-13T16:26:07","date_gmt":"2024-03-13T14:26:07","guid":{"rendered":"https:\/\/wolfoximperial.com\/?page_id=1897"},"modified":"2024-03-13T16:26:07","modified_gmt":"2024-03-13T14:26:07","slug":"returns","status":"publish","type":"page","link":"https:\/\/wolfoximperial.com\/en\/returns\/","title":{"rendered":"Returns"},"content":{"rendered":"<h2>Pre\u010du atgrie\u0161ana<\/h2>\n<ul>\n<li>\n<div>\n<p>Vis\u0101m prec\u0113m, kas ieg\u0101d\u0101tas interneta veikal\u0101 wolfoximperial.com, ir sp\u0113k\u0101 garantija un pirc\u0113jiem ir atteikuma ties\u012bbas, saska\u0146\u0101 ar Latvijas likumdo\u0161anu, kas nosaka, ka, iep\u0113rkoties internet\u0101, pirc\u0113jam ir ties\u012bbas atgriezties preci 14 kalend\u0101ro dienu laik\u0101 no pre\u010du sa\u0146em\u0161anas dienas (LR MK noteikumi Nr.207 &#8220;Noteikumi par distances l\u012bgums&#8221;).<\/p>\n<\/div>\n<\/li>\n<li>\n<div>\n<p><span>\u2022\u00a0<\/span>Pirc\u0113jam ir j\u0101inform\u0113 m\u016bs par savu nodomu atgriezt preces 14 dienu laik\u0101 p\u0113c pre\u010du sa\u0146em\u0161anas, pazi\u0146ojot par to interneta veikalam uz e-pastu info@wolfox.com vai zvanot pa t\u0101lr. +371 20 001 078.<br \/><span>\u2022\u00a0<\/span>Atteikumu var piepras\u012bt tikai uzr\u0101dot pirkumu apstiprino\u0161u dokumentu (\u010deks, r\u0113\u0137ins, pavadz\u012bme vai kv\u012bts). Atgrie\u017eot preci, tai j\u0101b\u016bt ori\u0123in\u0101l\u0101, neboj\u0101t\u0101 iepakojum\u0101.<br \/><span>\u2022\u00a0<\/span>Latvijas Republikas Pat\u0113r\u0113t\u0101ju ties\u012bbu aizsardz\u012bbas likuma 12. panta sest\u0101 da\u013ca nosaka, ka \u201cpat\u0113r\u0113t\u0101js ir atbild\u012bgs par preces kvalit\u0101tes un dro\u0161\u012bbas saglab\u0101\u0161anu, vienlaikus izmantojot ties\u012bbas atteikties\u201d.<br \/><span>\u2022\u00a0<\/span>SIA KRILIN patur ties\u012bbas pirc\u0113jam liegt atteikuma ties\u012bbas vai ietur\u0113t kompens\u0101ciju boj\u0101tas preces gad\u012bjum\u0101. Produktus nevar atgriezt, ja ori\u0123in\u0101lais iepakojums ir atv\u0113rts vai boj\u0101ts.<br \/><span>\u2022\u00a0<\/span>Nedr\u012bkst atgriezt tos produktus, kuru izmanto\u0161anu (vai neizmanto\u0161anu) nevar noteikt. Piem\u0113ram, \u0137erme\u0146a un matu kop\u0161ana produkti, kuru glab\u0101\u0161anas laiks ir \u012bss un tie\u0161i atkar\u012bgs no iepakojuma atv\u0113r\u0161anas dienas (iepakojum\u0101 ir z\u012bme &#8220;atv\u0113rts iepakojums&#8221;, kas nor\u0101da, ka der\u012bguma termi\u0146\u0161 s\u0101kas no iepakojuma atv\u0113r\u0161anas br\u012b\u017ea).<br \/><span>\u2022\u00a0<\/span>Atgrie\u0161anas gad\u012bjum\u0101 pirc\u0113js sedz pieg\u0101des izmaksas, iz\u0146emot gad\u012bjumus, kad atgrie\u0161anas iemesls ir neatbilst\u012bba pas\u016bt\u012btajam vai defekts (smidzin\u0101t\u0101js nedarbojas, v\u0101ks ir salauzts, stikls ir iepl\u012bsis utt.).<br \/><span>\u2022\u00a0<\/span>Atlaid\u0113s ieg\u0101d\u0101tu preci nav iesp\u0113jams atgriezt, bet ir iesp\u0113jams samain\u012bt pret citu preci vai d\u0101vanu karti preces v\u0113rt\u012bb\u0101.<br \/><span>\u2022\u00a0<\/span>SIA KRILIN garant\u0113 pirc\u0113jam naudas atgrie\u0161anu, p\u0113c atgriezt\u0101s pakas sa\u0146em\u0161anas, p\u0113c iesp\u0113jas \u0101tr\u0101k, bet ne v\u0113l\u0101k k\u0101 10 kalend\u0101ro dienu laik\u0101.<br \/><span>\u2022\u00a0<\/span>S\u012bk\u0101ku inform\u0101ciju par to, kas ir atteikuma ties\u012bbas, Pirc\u0113js, var iepaz\u012bties m\u0101jaslapas adres\u0113: http:\/\/www.ptac.gov.lv<\/p>\n<\/div>\n<\/li>\n<\/ul>\n<p><!--more--><br \/>\n<!-- {\"type\":\"layout\",\"children\":[{\"type\":\"section\",\"props\":{\"animation\":\"fade\",\"image_position\":\"center-center\",\"padding\":\"xlarge\",\"style\":\"default\",\"title_breakpoint\":\"xl\",\"title_position\":\"top-left\",\"title_rotation\":\"left\",\"vertical_align\":\"middle\",\"width\":\"\"},\"children\":[{\"type\":\"row\",\"props\":{\"column_gap\":\"large\",\"layout\":\"1-2,1-2\",\"row_gap\":\"large\",\"width\":\"large\"},\"children\":[{\"type\":\"column\",\"props\":{\"image_position\":\"center-center\",\"position_sticky\":\"column\",\"position_sticky_breakpoint\":\"m\",\"position_sticky_offset\":\"100px\",\"width_medium\":\"1-2\"},\"children\":[{\"type\":\"headline\",\"props\":{\"content\":\"Pre\\u010du atgrie\\u0161ana\",\"text_align\":\"left\",\"title_element\":\"h2\",\"title_style\":\"heading-medium\"}}]},{\"type\":\"column\",\"props\":{\"image_position\":\"center-center\",\"position_sticky_breakpoint\":\"m\",\"width_medium\":\"1-2\"},\"children\":[{\"type\":\"grid\",\"props\":{\"animation\":\"slide-bottom-small\",\"content_column_breakpoint\":\"m\",\"filter_align\":\"left\",\"filter_all\":true,\"filter_grid_breakpoint\":\"m\",\"filter_grid_width\":\"auto\",\"filter_position\":\"top\",\"filter_style\":\"tab\",\"grid_default\":\"1\",\"grid_divider\":true,\"grid_medium\":\"\",\"icon_width\":80,\"image_align\":\"top\",\"image_grid_breakpoint\":\"m\",\"image_grid_width\":\"1-2\",\"image_svg_color\":\"emphasis\",\"item_animation\":true,\"link_style\":\"default\",\"link_text\":\"Read more\",\"margin\":\"default\",\"meta_align\":\"below-title\",\"meta_element\":\"div\",\"meta_style\":\"text-meta\",\"show_content\":true,\"show_image\":true,\"show_link\":true,\"show_meta\":true,\"show_title\":true,\"title_align\":\"top\",\"title_decoration\":\"bullet\",\"title_element\":\"h3\",\"title_grid_breakpoint\":\"m\",\"title_grid_width\":\"1-2\",\"title_hover_style\":\"reset\"},\"children\":[{\"type\":\"grid_item\",\"props\":{\"content\":\"\n\n<p>Vis\\u0101m prec\\u0113m, kas ieg\\u0101d\\u0101tas interneta veikal\\u0101 wolfoximperial.com, ir sp\\u0113k\\u0101 garantija un pirc\\u0113jiem ir atteikuma ties\\u012bbas, saska\\u0146\\u0101 ar Latvijas likumdo\\u0161anu, kas nosaka, ka, iep\\u0113rkoties internet\\u0101, pirc\\u0113jam ir ties\\u012bbas atgriezties preci 14 kalend\\u0101ro dienu laik\\u0101 no pre\\u010du sa\\u0146em\\u0161anas dienas (LR MK noteikumi Nr.207 \\\"Noteikumi par distances l\\u012bgums\\\").<\\\/p>\",\"title\":\"\"}},{\"type\":\"grid_item\",\"props\":{\"content\":\"\n\n<p><span>\\u2022\\u00a0<\\\/span>Pirc\\u0113jam ir j\\u0101inform\\u0113 m\\u016bs par savu nodomu atgriezt preces 14 dienu laik\\u0101 p\\u0113c pre\\u010du sa\\u0146em\\u0161anas, pazi\\u0146ojot par to interneta veikalam uz e-pastu info@wolfox.com vai zvanot pa t\\u0101lr. +371 20 001 078.<br \\\/><span>\\u2022\\u00a0<\\\/span>Atteikumu var piepras\\u012bt tikai uzr\\u0101dot pirkumu apstiprino\\u0161u dokumentu (\\u010deks, r\\u0113\\u0137ins, pavadz\\u012bme vai kv\\u012bts). Atgrie\\u017eot preci, tai j\\u0101b\\u016bt ori\\u0123in\\u0101l\\u0101, neboj\\u0101t\\u0101 iepakojum\\u0101.<br \\\/><span>\\u2022\\u00a0<\\\/span>Latvijas Republikas Pat\\u0113r\\u0113t\\u0101ju ties\\u012bbu aizsardz\\u012bbas likuma 12. panta sest\\u0101 da\\u013ca nosaka, ka \\u201cpat\\u0113r\\u0113t\\u0101js ir atbild\\u012bgs par preces kvalit\\u0101tes un dro\\u0161\\u012bbas saglab\\u0101\\u0161anu, vienlaikus izmantojot ties\\u012bbas atteikties\\u201d.<br \\\/><span>\\u2022\\u00a0<\\\/span>SIA KRILIN patur ties\\u012bbas pirc\\u0113jam liegt atteikuma ties\\u012bbas vai ietur\\u0113t kompens\\u0101ciju boj\\u0101tas preces gad\\u012bjum\\u0101. Produktus nevar atgriezt, ja ori\\u0123in\\u0101lais iepakojums ir atv\\u0113rts vai boj\\u0101ts.<br \\\/><span>\\u2022\\u00a0<\\\/span>Nedr\\u012bkst atgriezt tos produktus, kuru izmanto\\u0161anu (vai neizmanto\\u0161anu) nevar noteikt. Piem\\u0113ram, \\u0137erme\\u0146a un matu kop\\u0161ana produkti, kuru glab\\u0101\\u0161anas laiks ir \\u012bss un tie\\u0161i atkar\\u012bgs no iepakojuma atv\\u0113r\\u0161anas dienas (iepakojum\\u0101 ir z\\u012bme \\\"atv\\u0113rts iepakojums\\\", kas nor\\u0101da, ka der\\u012bguma termi\\u0146\\u0161 s\\u0101kas no iepakojuma atv\\u0113r\\u0161anas br\\u012b\\u017ea).<br \\\/><span>\\u2022\\u00a0<\\\/span>Atgrie\\u0161anas gad\\u012bjum\\u0101 pirc\\u0113js sedz pieg\\u0101des izmaksas, iz\\u0146emot gad\\u012bjumus, kad atgrie\\u0161anas iemesls ir neatbilst\\u012bba pas\\u016bt\\u012btajam vai defekts (smidzin\\u0101t\\u0101js nedarbojas, v\\u0101ks ir salauzts, stikls ir iepl\\u012bsis utt.).<br \\\/><span>\\u2022\\u00a0<\\\/span>Atlaid\\u0113s ieg\\u0101d\\u0101tu preci nav iesp\\u0113jams atgriezt, bet ir iesp\\u0113jams samain\\u012bt pret citu preci vai d\\u0101vanu karti preces v\\u0113rt\\u012bb\\u0101.<br \\\/><span>\\u2022\\u00a0<\\\/span>SIA KRILIN garant\\u0113 pirc\\u0113jam naudas atgrie\\u0161anu, p\\u0113c atgriezt\\u0101s pakas sa\\u0146em\\u0161anas, p\\u0113c iesp\\u0113jas \\u0101tr\\u0101k, bet ne v\\u0113l\\u0101k k\\u0101 10 kalend\\u0101ro dienu laik\\u0101.<br \\\/><span>\\u2022\\u00a0<\\\/span>S\\u012bk\\u0101ku inform\\u0101ciju par to, kas ir atteikuma ties\\u012bbas, Pirc\\u0113js, var iepaz\\u012bties m\\u0101jaslapas adres\\u0113: http:\\\/\\\/www.ptac.gov.lv<\\\/p>\",\"title\":\"\"}}]}]}]}],\"name\":\"About\"}],\"version\":\"4.3.7\"} --><\/p>\n","protected":false},"excerpt":{"rendered":"<p>Pre\u010du atgrie\u0161ana Vis\u0101m prec\u0113m, kas ieg\u0101d\u0101tas interneta veikal\u0101 wolfoximperial.com, ir sp\u0113k\u0101 garantija un pirc\u0113jiem ir atteikuma ties\u012bbas, saska\u0146\u0101 ar Latvijas likumdo\u0161anu, kas nosaka, ka, iep\u0113rkoties internet\u0101, pirc\u0113jam ir ties\u012bbas atgriezties preci 14 kalend\u0101ro dienu laik\u0101 no pre\u010du sa\u0146em\u0161anas dienas (LR MK noteikumi Nr.207 &#8220;Noteikumi par distances l\u012bgums&#8221;). \u2022\u00a0Pirc\u0113jam ir j\u0101inform\u0113 m\u016bs par savu nodomu atgriezt [&hellip;]<\/p>\n","protected":false},"author":1,"featured_media":0,"parent":0,"menu_order":0,"comment_status":"closed","ping_status":"closed","template":"","meta":{"footnotes":""},"class_list":["post-1897","page","type-page","status-publish","hentry"],"_links":{"self":[{"href":"https:\/\/wolfoximperial.com\/en\/wp-json\/wp\/v2\/pages\/1897","targetHints":{"allow":["GET"]}}],"collection":[{"href":"https:\/\/wolfoximperial.com\/en\/wp-json\/wp\/v2\/pages"}],"about":[{"href":"https:\/\/wolfoximperial.com\/en\/wp-json\/wp\/v2\/types\/page"}],"author":[{"embeddable":true,"href":"https:\/\/wolfoximperial.com\/en\/wp-json\/wp\/v2\/users\/1"}],"replies":[{"embeddable":true,"href":"https:\/\/wolfoximperial.com\/en\/wp-json\/wp\/v2\/comments?post=1897"}],"version-history":[{"count":0,"href":"https:\/\/wolfoximperial.com\/en\/wp-json\/wp\/v2\/pages\/1897\/revisions"}],"wp:attachment":[{"href":"https:\/\/wolfoximperial.com\/en\/wp-json\/wp\/v2\/media?parent=1897"}],"curies":[{"name":"wp","href":"https:\/\/api.w.org\/{rel}","templated":true}]}}