{"id":19,"date":"2019-11-20T09:16:35","date_gmt":"2019-11-20T09:16:35","guid":{"rendered":"https:\/\/webrand.lv\/wf\/?p=19"},"modified":"2024-04-24T21:18:31","modified_gmt":"2024-04-24T19:18:31","slug":"about-us","status":"publish","type":"page","link":"https:\/\/wolfoximperial.com\/en\/about-us\/","title":{"rendered":"ABOUT US"},"content":{"rendered":"<h2>PAR MUMS<\/h2>\n<h1>DABAS NOSL\u0112PUMS SKAISTIEM MATIEM<\/h1>\n<p>\n    <a href=\"\/shop\/\">M\u016aSU PRODUKTI<\/a>\n<\/p>\n<p><img decoding=\"async\" src=\"\/wp-content\/uploads\/2024\/01\/WOLFOX_1400_007.jpg\" alt=\"\"><br \/>\n<img decoding=\"async\" src=\"\/wp-content\/uploads\/2023\/06\/Cutout.svg\" alt=\"\"><br \/>\n<img decoding=\"async\" src=\"\/wp-content\/uploads\/2024\/01\/WOLFOX_1400_007.jpg\" alt=\"SECRET FOR BEAUTIFUL HAIR\"><br \/>\n<img decoding=\"async\" src=\"\/wp-content\/uploads\/2023\/06\/Cutout.svg\" alt=\"WOLFOX IMPERIAL\"><\/p>\n<h2>\u013baujies greznai matu kop\u0161anai ar <strong>WOLFOX IMPERIAL<\/strong><br \/>Atkl\u0101j savu matu patieso potenci\u0101lu<\/h2>\n<p><img decoding=\"async\" src=\"\/wp-content\/uploads\/2024\/02\/WOLFOX-IMPERIAL-016.jpg\" alt=\"about us\"><br \/>\n<img decoding=\"async\" src=\"\/wp-content\/uploads\/2024\/02\/WOLFOX-IMPERIAL-010.jpg\" alt=\"\"><br \/>\n<img decoding=\"async\" src=\"\/wp-content\/uploads\/2024\/02\/WOLFOX-IMPERIAL-018.jpg\" alt=\"\"><br \/>\n<img decoding=\"async\" src=\"\/wp-content\/uploads\/2024\/01\/BIO-COLLAGEN-CONDITIONER-for-GREASY-HAIR.jpg\" alt=\"Bio Keratin Shampoo For Dry Hair\"><br \/>\n<img decoding=\"async\" src=\"\/wp-content\/uploads\/2024\/02\/WOLFOX-IMPERIAL-020.jpg\" alt=\"BIO KERATIN Mask for greasy hair\"><\/p>\n<h2>SAST\u0100VDA\u013bAS<\/h2>\n<div>\n<div>Augst\u0101k\u0101s kvalit\u0101tes formulas greznai matu kop\u0161anai<\/div>\n<\/div>\n<div>\n<p>M\u0113s esam ap\u0146\u0113mu\u0161ies nodro\u0161in\u0101t j\u016bs ar vislab\u0101kajiem iesp\u0113jamajiem matu kop\u0161anas l\u012bdzek\u013ciem. T\u0101p\u0113c sav\u0101s formul\u0101s izmantojam tikai augst\u0101k\u0101s kvalit\u0101tes dab\u012bgas sast\u0101vda\u013cas. M\u016bsu \u0161amp\u016bni, matu maskas un kondicionieri ir r\u016bp\u012bgi izstr\u0101d\u0101ti no sast\u0101vda\u013c\u0101m, kas baro, mitrina un aizsarg\u0101 j\u016bsu matus, padarot tos vesel\u012bgus un dz\u012bv\u012bgus.<\/p>\n<\/div>\n<ul>\n<li>\n<p><a href=\"\/product-category\/sampuns\/\"><\/p>\n<p>\u0160amp\u016bni<\/p>\n<p><\/a><\/p>\n<\/li>\n<li>\n<p><a href=\"\/product-category\/kondicionieri\/\"><\/p>\n<p>Kondicionieri<\/p>\n<p><\/a><\/p>\n<\/li>\n<li>\n<p><a href=\"\/product-category\/matu-maskas\/\"><\/p>\n<p>Matu maskas<\/p>\n<p><\/a><\/p>\n<\/li>\n<\/ul>\n<p><img decoding=\"async\" src=\"\/wp-content\/uploads\/2024\/01\/WOLFOX_1400_010.jpg\" alt=\"WOLFOX\"><br \/>\n<img decoding=\"async\" src=\"\/wp-content\/uploads\/2024\/02\/BIO-COLLAGEN-SHAMPOO-for-DRY-HAIR.jpg\" alt=\"BIO KERATIN CONDITIONER for DRY HAIR\"><br \/>\n<img decoding=\"async\" src=\"\/wp-content\/uploads\/2024\/01\/WOLFOX_1400_009.jpg\" alt=\"\"><br \/>\n<img decoding=\"async\" src=\"\/wp-content\/uploads\/2024\/02\/WOLFOX-IMPERIAL-014.jpg\" alt=\"BIO KERATIN Mask For Normal And Coloured Hair\"><\/p>\n<ul>\n<li>\n<p>        <img decoding=\"async\" src=\"\/wp-content\/uploads\/2024\/01\/WOLFOX_1400_010.jpg\" alt=\"\"><\/p>\n<\/li>\n<li>\n<p>        <img decoding=\"async\" src=\"\/wp-content\/uploads\/2024\/01\/BIO-KERATIN-CONDITIONER-for-DRY-HAIR-2.jpg\" alt=\"\"><\/p>\n<\/li>\n<li>\n<p>        <img decoding=\"async\" src=\"\/wp-content\/uploads\/2024\/01\/BIO-KERATIN-mask-for-DRY-HAIR.jpg\" alt=\"\"><\/p>\n<\/li>\n<li>\n<p>        <img decoding=\"async\" src=\"\/wp-content\/uploads\/2024\/01\/WOLFOX_1400_009.jpg\" alt=\"\"><\/p>\n<\/li>\n<\/ul>\n<h2>WOLFOX IMPERIAL<\/h2>\n<div>M\u016bsu uzdevums ir nodro\u0161in\u0101t greznus, augstas kvalit\u0101tes matu kop\u0161anas produktus, kas ir izstr\u0101d\u0101ti, lai apmierin\u0101tu j\u016bsu matu unik\u0101l\u0101s vajadz\u012bbas.<\/div>\n<div>\n<p>M\u0113s lepojamies ar to, ka pied\u0101v\u0101jam individu\u0101lu pieeju un sniedzam atbalstu saviem klientiem vis\u0101 vi\u0146u matu kop\u0161anas ce\u013cojuma laik\u0101. M\u0113s v\u0113lamies, lai j\u016bs justos p\u0101rliecin\u0101ti un skaisti katru reizi, kad lietojat m\u016bsu produktus, un m\u0113s dar\u012bsim visu iesp\u0113jamo, lai p\u0101rliecin\u0101tos, ka t\u0101 ar\u012b ir.<\/p>\n<\/div>\n<p><img decoding=\"async\" src=\"\/wp-content\/uploads\/2024\/02\/BIO-COLLAGEN-SHAMPOO-for-NORMAL-COLORED-HAIR.jpg\" alt=\"\"><\/p>\n<div>PIEDZ\u012aVO WOLFOX IMPERIAL MA\u0122IJU<\/div>\n<div>\n<p>M\u0113s ticam, ka lieliski mati s\u0101kas ar lielisk\u0101m sast\u0101vda\u013c\u0101m. T\u0101p\u0113c esam r\u016bp\u012bgi izstr\u0101d\u0101ju\u0161i savus matu kop\u0161anas produktus ar dab\u012bg\u0101m sast\u0101vda\u013c\u0101m, kas baro, mitrina un aizsarg\u0101 j\u016bsu matus. Izmantojot m\u016bsu augst\u0101k\u0101s kvalit\u0101tes formulas, Tu vari izbaud\u012bt greznas matu kop\u0161anas priek\u0161roc\u012bbas.<\/p>\n<\/div>\n<p>\n    <a href=\"\/shop\/\">Visi PRODUKTI<\/a>\n<\/p>\n<p><img decoding=\"async\" src=\"\/wp-content\/uploads\/2024\/01\/BIO-COLLAGEN-mask-for-GREASY-HAIR.jpg\" alt=\"BIO COLLAGEN Mask for greasy hair\"><\/p>\n<p><!--more--><br \/>\n<!-- {\"type\":\"layout\",\"children\":[{\"type\":\"section\",\"props\":{\"header_transparent\":true,\"header_transparent_noplaceholder\":false,\"header_transparent_text_color\":\"dark\",\"height\":\"viewport\",\"height_offset_top\":true,\"image_position\":\"center-center\",\"padding\":\"large\",\"style\":\"default\",\"title_breakpoint\":\"xl\",\"title_position\":\"top-left\",\"title_rotation\":\"left\",\"vertical_align\":\"middle\",\"width\":\"xlarge\",\"width_expand\":\"right\"},\"children\":[{\"type\":\"row\",\"props\":{\"layout\":\"1-2,1-2\"},\"children\":[{\"type\":\"column\",\"props\":{\"image_position\":\"center-center\",\"position_sticky_breakpoint\":\"m\",\"vertical_align\":\"middle\",\"width_medium\":\"1-2\",\"width_small\":\"2-3\"},\"children\":[{\"type\":\"headline\",\"props\":{\"content\":\"PAR MUMS\",\"margin\":\"remove-vertical\",\"text_align\":\"left\",\"text_align_breakpoint\":\"m\",\"text_align_fallback\":\"center\",\"title_element\":\"h2\",\"title_font_family\":\"default\",\"title_style\":\"h6\"}},{\"type\":\"headline\",\"props\":{\"animation\":\"parallax\",\"content\":\"DABAS NOSL\\u0112PUMS SKAISTIEM MATIEM\",\"margin_remove_top\":true,\"maxwidth\":\"2xlarge\",\"parallax_scale\":\"0.7\",\"position_z_index\":\"1\",\"text_align\":\"left\",\"text_align_breakpoint\":\"m\",\"text_align_fallback\":\"center\",\"title_element\":\"h1\",\"title_style\":\"heading-large\"}},{\"type\":\"button\",\"props\":{\"grid_column_gap\":\"small\",\"grid_row_gap\":\"small\",\"margin\":\"default\",\"text_align\":\"left\",\"text_align_breakpoint\":\"m\",\"text_align_fallback\":\"center\"},\"children\":[{\"type\":\"button_item\",\"props\":{\"button_style\":\"default\",\"content\":\"M\\u016aSU PRODUKTI\",\"icon_align\":\"left\",\"link\":\"shop\\\/\"}}]},{\"type\":\"image\",\"props\":{\"animation\":\"parallax\",\"container_padding_remove\":true,\"image\":\"wp-content\\\/uploads\\\/2024\\\/01\\\/WOLFOX_1400_007.jpg\",\"image_svg_color\":\"emphasis\",\"image_width\":\"1040\",\"margin\":\"xlarge\",\"parallax_scale\":\"1.5\",\"visibility\":\"hidden-m\"}},{\"type\":\"image\",\"props\":{\"animation\":\"parallax\",\"css\":\".el-image { max-width: 25vw; }\",\"image\":\"wp-content\\\/uploads\\\/2023\\\/06\\\/Cutout.svg\",\"image_box_decoration\":\"mask\",\"image_svg_color\":\"emphasis\",\"margin\":\"default\",\"parallax_y\":\"-10vh\",\"position\":\"absolute\",\"position_bottom\":\"-5vh\",\"text_align\":\"center\",\"visibility\":\"hidden-m\"}}]},{\"type\":\"column\",\"props\":{\"image_position\":\"center-center\",\"position_sticky_breakpoint\":\"m\",\"width_medium\":\"1-2\",\"width_small\":\"1-3\"},\"children\":[{\"type\":\"image\",\"props\":{\"animation\":\"parallax\",\"container_padding_remove\":true,\"image\":\"wp-content\\\/uploads\\\/2024\\\/01\\\/WOLFOX_1400_007.jpg\",\"image_alt\":\"SECRET FOR BEAUTIFUL HAIR\",\"image_height\":\"1040\",\"image_loading\":true,\"image_svg_color\":\"emphasis\",\"image_width\":\"1040\",\"margin\":\"default\",\"parallax_scale\":\"1.3\",\"visibility\":\"m\"}},{\"type\":\"image\",\"props\":{\"animation\":\"parallax\",\"css\":\"@media (min-width: 961px) {\\n        .el-image {\\n            max-width: 170px;\\n        }\\n}\\n@media (max-width: 960px) {\\n        .el-image {\\n            max-width: 150px;\\n        }\\n}\\n@media (max-width: 640px) {\\n        .el-image {\\n            max-width: 140px;\\n        }\\n}\",\"image\":\"wp-content\\\/uploads\\\/2023\\\/06\\\/Cutout.svg\",\"image_alt\":\"WOLFOX IMPERIAL\",\"image_box_decoration\":\"mask\",\"image_loading\":true,\"image_svg_color\":\"emphasis\",\"margin\":\"default\",\"parallax_y\":\"-10vh\",\"position\":\"absolute\",\"position_bottom\":\"-8vh\",\"position_left\":\"-5vw\",\"visibility\":\"m\"}}]}]}],\"name\":\"Hero\"},{\"type\":\"section\",\"props\":{\"id\":\"interior\",\"image_position\":\"center-center\",\"padding\":\"xlarge\",\"padding_remove_bottom\":false,\"style\":\"muted\",\"title_breakpoint\":\"xl\",\"title_position\":\"top-left\",\"title_rotation\":\"left\",\"vertical_align\":\"middle\",\"width\":\"default\"},\"children\":[{\"type\":\"row\",\"children\":[{\"type\":\"column\",\"props\":{\"image_position\":\"center-center\",\"position_sticky\":\"section\",\"position_sticky_breakpoint\":\"\",\"position_sticky_offset\":\"50vh - 50%\"},\"children\":[{\"type\":\"headline\",\"props\":{\"content\":\"\\u013baujies greznai matu kop\\u0161anai ar <strong>WOLFOX IMPERIAL<\\\/strong><br \\\/>Atkl\\u0101j savu matu patieso potenci\\u0101lu\",\"parallax_target\":\"!.uk-section\",\"text_align\":\"center\",\"title_element\":\"h2\",\"title_style\":\"heading-medium\"}}]}],\"props\":{\"margin\":\"xlarge\"}},{\"type\":\"row\",\"children\":[{\"type\":\"column\",\"props\":{\"image_position\":\"center-center\",\"position_sticky_breakpoint\":\"m\"},\"children\":[{\"type\":\"image\",\"props\":{\"css\":\"@media (min-width: 400px) {\\n  .el-image { max-width: 60vw; }\\n}\",\"image\":\"wp-content\\\/uploads\\\/2024\\\/02\\\/WOLFOX-IMPERIAL-016.jpg\",\"image_alt\":\"about us\",\"image_height\":\"600\",\"image_svg_color\":\"emphasis\",\"image_width\":\"380\",\"margin\":\"xlarge\",\"position\":\"relative\",\"position_z_index\":\"1\",\"text_align\":\"center\"}},{\"type\":\"image\",\"props\":{\"css\":\"@media (min-width: 400px) {\\n  .el-image { max-width: 60vw; }\\n}\",\"image\":\"wp-content\\\/uploads\\\/2024\\\/02\\\/WOLFOX-IMPERIAL-010.jpg\",\"image_height\":\"600\",\"image_svg_color\":\"emphasis\",\"image_width\":\"500\",\"margin\":\"xlarge\",\"position\":\"relative\",\"text_align\":\"center\"}},{\"type\":\"image\",\"props\":{\"css\":\"@media (min-width: 400px) {\\n  .el-image { max-width: 60vw; }\\n}\",\"image\":\"wp-content\\\/uploads\\\/2024\\\/02\\\/WOLFOX-IMPERIAL-018.jpg\",\"image_height\":\"600\",\"image_svg_color\":\"emphasis\",\"image_width\":\"400\",\"margin\":\"xlarge\",\"margin_remove_bottom\":false,\"position\":\"relative\",\"position_z_index\":\"1\",\"text_align\":\"center\"}}]}],\"props\":{\"css\":\".el-row { padding-bottom: 30vh; }\"}}],\"name\":\"Interior\"},{\"type\":\"section\",\"props\":{\"image_position\":\"bottom-center\",\"image_size\":\"cover\",\"image_width\":\"2560\",\"padding\":\"none\",\"padding_remove_top\":true,\"style\":\"default\",\"title_breakpoint\":\"xl\",\"title_position\":\"top-left\",\"title_rotation\":\"left\",\"vertical_align\":\"middle\",\"width\":\"\"},\"children\":[{\"type\":\"row\",\"children\":[{\"type\":\"column\",\"props\":{\"image_position\":\"center-center\",\"position_sticky_breakpoint\":\"m\"},\"children\":[{\"type\":\"image\",\"props\":{\"animation\":\"parallax\",\"image\":\"wp-content\\\/uploads\\\/2024\\\/01\\\/BIO-COLLAGEN-CONDITIONER-for-GREASY-HAIR.jpg\",\"image_alt\":\"Bio Keratin Shampoo For Dry Hair\",\"image_focal_point\":\"top-center\",\"image_height\":\"2560\",\"image_svg_color\":\"emphasis\",\"image_width\":\"2560\",\"margin\":\"remove-vertical\",\"parallax_scale\":\"1.5,1 51%\"}},{\"type\":\"image\",\"props\":{\"animation\":\"parallax\",\"css\":\".el-element { pointer-events: none; }\",\"image\":\"wp-content\\\/uploads\\\/2024\\\/02\\\/WOLFOX-IMPERIAL-020.jpg\",\"image_alt\":\"BIO KERATIN Mask for greasy hair\",\"image_height\":\"450\",\"image_svg_color\":\"emphasis\",\"image_width\":\"350\",\"margin\":\"default\",\"parallax_y\":\"-15vh\",\"position\":\"absolute\",\"position_bottom\":\"-37vh\",\"position_left\":\"-15vw\",\"text_align\":\"right\",\"visibility\":\"m\"}}]}]}],\"name\":\"Equipment\"},{\"type\":\"section\",\"props\":{\"image_position\":\"bottom-center\",\"image_width\":\"2560\",\"media_visibility\":\"xl\",\"padding\":\"large\",\"padding_remove_top\":false,\"style\":\"default\",\"title_breakpoint\":\"xl\",\"title_position\":\"top-left\",\"title_rotation\":\"left\",\"vertical_align\":\"middle\",\"width\":\"default\"},\"children\":[{\"type\":\"row\",\"props\":{\"margin\":\"remove-vertical\",\"padding_remove_horizontal\":false},\"children\":[{\"type\":\"column\",\"props\":{\"image_position\":\"top-center\",\"image_size\":\"cover\",\"image_width\":\"2560\",\"position_sticky_breakpoint\":\"m\"},\"children\":[{\"type\":\"headline\",\"props\":{\"content\":\"SAST\\u0100VDA\\u013bAS\",\"margin\":\"remove-vertical\",\"title_element\":\"h2\",\"title_style\":\"h6\"}},{\"type\":\"headline\",\"props\":{\"content\":\"\n\n<div>Augst\\u0101k\\u0101s kvalit\\u0101tes formulas greznai matu kop\\u0161anai<\\\/div>\",\"margin\":\"small\",\"maxwidth\":\"large\",\"title_element\":\"div\",\"title_style\":\"h1\"}},{\"type\":\"text\",\"props\":{\"column_breakpoint\":\"m\",\"content\":\"\n\n<p>M\\u0113s esam ap\\u0146\\u0113mu\\u0161ies nodro\\u0161in\\u0101t j\\u016bs ar vislab\\u0101kajiem iesp\\u0113jamajiem matu kop\\u0161anas l\\u012bdzek\\u013ciem. T\\u0101p\\u0113c sav\\u0101s formul\\u0101s izmantojam tikai augst\\u0101k\\u0101s kvalit\\u0101tes dab\\u012bgas sast\\u0101vda\\u013cas. M\\u016bsu \\u0161amp\\u016bni, matu maskas un kondicionieri ir r\\u016bp\\u012bgi izstr\\u0101d\\u0101ti no sast\\u0101vda\\u013c\\u0101m, kas baro, mitrina un aizsarg\\u0101 j\\u016bsu matus, padarot tos vesel\\u012bgus un dz\\u012bv\\u012bgus.<\\\/p>\",\"margin\":\"medium\",\"maxwidth\":\"large\"}},{\"type\":\"list\",\"props\":{\"column_breakpoint\":\"m\",\"content_style\":\"h3\",\"icon_width\":\"30\",\"image_align\":\"right\",\"image_svg_color\":\"emphasis\",\"image_svg_inline\":true,\"image_vertical_align\":true,\"link_style\":\"heading\",\"list_element\":\"ul\",\"list_horizontal_separator\":\", \",\"list_size\":\"large\",\"list_style\":\"divider\",\"list_type\":\"vertical\",\"margin\":\"large\",\"maxwidth\":\"large\",\"show_image\":true,\"show_link\":true},\"children\":[{\"type\":\"list_item\",\"props\":{\"content\":\"\n\n<p>\\u0160amp\\u016bni<\\\/p>\",\"icon\":\"arrow-right\",\"image\":\"\",\"link\":\"\\\/product-category\\\/sampuns\\\/\"}},{\"type\":\"list_item\",\"props\":{\"content\":\"\n\n<p>Kondicionieri<\\\/p>\",\"icon\":\"arrow-right\",\"image\":\"\",\"link\":\"product-category\\\/kondicionieri\\\/\"}},{\"type\":\"list_item\",\"props\":{\"content\":\"\n\n<p>Matu maskas<\\\/p>\",\"icon\":\"arrow-right\",\"image\":\"\",\"link\":\"product-category\\\/matu-maskas\\\/\"}}]}]}]}],\"name\":\"Equipment\"},{\"type\":\"section\",\"props\":{\"image_position\":\"center-center\",\"padding\":\"none\",\"padding_remove_bottom\":false,\"padding_remove_horizontal\":false,\"padding_remove_top\":false,\"style\":\"secondary\",\"title_breakpoint\":\"xl\",\"title_position\":\"top-left\",\"title_rotation\":\"left\",\"vertical_align\":\"middle\",\"width\":\"large\",\"width_expand\":\"left\"},\"children\":[{\"type\":\"row\",\"props\":{\"column_gap\":\"large\",\"layout\":\"3-5,2-5\",\"padding_remove_horizontal\":false,\"row_gap\":\"collapse\"},\"children\":[{\"type\":\"column\",\"props\":{\"image_position\":\"center-center\",\"padding\":\"none\",\"position_sticky_breakpoint\":\"m\",\"width_large\":\"3-5\",\"width_medium\":\"1-2\",\"width_small\":\"1-2\"},\"children\":[{\"type\":\"image\",\"props\":{\"animation\":\"none\",\"container_padding_remove\":true,\"image\":\"wp-content\\\/uploads\\\/2024\\\/01\\\/WOLFOX_1400_010.jpg\",\"image_alt\":\"WOLFOX\",\"image_loading\":false,\"image_svg_color\":\"emphasis\",\"image_width\":\"900\",\"margin\":\"remove-vertical\",\"visibility\":\"s\"}},{\"type\":\"image\",\"props\":{\"animation\":\"none\",\"container_padding_remove\":true,\"image\":\"wp-content\\\/uploads\\\/2024\\\/02\\\/BIO-COLLAGEN-SHAMPOO-for-DRY-HAIR.jpg\",\"image_alt\":\"BIO KERATIN CONDITIONER for DRY HAIR\",\"image_loading\":true,\"image_svg_color\":\"emphasis\",\"image_width\":\"900\",\"margin\":\"remove-vertical\",\"visibility\":\"s\"}},{\"type\":\"image\",\"props\":{\"animation\":\"none\",\"container_padding_remove\":true,\"image\":\"wp-content\\\/uploads\\\/2024\\\/01\\\/WOLFOX_1400_009.jpg\",\"image_height\":\"1150\",\"image_loading\":true,\"image_svg_color\":\"emphasis\",\"image_width\":\"900\",\"margin\":\"remove-vertical\",\"visibility\":\"s\"}},{\"type\":\"image\",\"props\":{\"animation\":\"none\",\"container_padding_remove\":true,\"image\":\"wp-content\\\/uploads\\\/2024\\\/02\\\/WOLFOX-IMPERIAL-014.jpg\",\"image_alt\":\"BIO KERATIN Mask For Normal And Coloured Hair\",\"image_focal_point\":\"bottom-center\",\"image_height\":\"1050\",\"image_loading\":true,\"image_svg_color\":\"emphasis\",\"image_width\":\"900\",\"margin\":\"remove-vertical\",\"visibility\":\"s\"}}]},{\"type\":\"column\",\"props\":{\"image_position\":\"center-center\",\"padding\":\"large\",\"position_sticky\":\"column\",\"position_sticky_breakpoint\":\"s\",\"position_sticky_offset\":\"50vh - 50%\",\"style\":\"tile-secondary\",\"width_large\":\"2-5\",\"width_medium\":\"1-2\",\"width_small\":\"1-2\"},\"children\":[{\"type\":\"gallery\",\"props\":{\"filter_align\":\"left\",\"filter_all\":true,\"filter_grid_breakpoint\":\"m\",\"filter_grid_width\":\"auto\",\"filter_position\":\"top\",\"filter_style\":\"tab\",\"grid_default\":\"2\",\"grid_medium\":\"\",\"image_height\":\"450\",\"image_width\":\"450\",\"item_animation\":true,\"link_style\":\"default\",\"link_text\":\"Read more\",\"margin\":\"small\",\"margin_remove_top\":false,\"meta_align\":\"below-title\",\"meta_element\":\"div\",\"meta_style\":\"text-meta\",\"overlay_hover\":false,\"overlay_mode\":\"caption\",\"overlay_position\":\"center\",\"overlay_style\":\"overlay-primary\",\"overlay_transition\":\"fade\",\"show_content\":true,\"show_hover_image\":true,\"show_link\":true,\"show_meta\":true,\"show_title\":true,\"text_align\":\"center\",\"text_color\":\"light\",\"title_element\":\"h3\",\"title_hover_style\":\"reset\",\"visibility\":\"hidden-s\"},\"children\":[{\"type\":\"gallery_item\",\"props\":{\"image\":\"wp-content\\\/uploads\\\/2024\\\/01\\\/WOLFOX_1400_010.jpg\"}},{\"type\":\"gallery_item\",\"props\":{\"image\":\"wp-content\\\/uploads\\\/2024\\\/01\\\/BIO-KERATIN-CONDITIONER-for-DRY-HAIR-2.jpg\"}},{\"type\":\"gallery_item\",\"props\":{\"image\":\"wp-content\\\/uploads\\\/2024\\\/01\\\/BIO-KERATIN-mask-for-DRY-HAIR.jpg\"}},{\"type\":\"gallery_item\",\"props\":{\"image\":\"wp-content\\\/uploads\\\/2024\\\/01\\\/WOLFOX_1400_009.jpg\"}}]},{\"type\":\"headline\",\"props\":{\"block_align\":\"center\",\"content\":\"WOLFOX IMPERIAL\",\"margin\":\"medium\",\"margin_remove_bottom\":true,\"maxwidth\":\"large\",\"title_element\":\"h2\",\"title_style\":\"h6\"}},{\"type\":\"headline\",\"props\":{\"block_align\":\"center\",\"content\":\"M\\u016bsu uzdevums ir nodro\\u0161in\\u0101t greznus, augstas kvalit\\u0101tes matu kop\\u0161anas produktus, kas ir izstr\\u0101d\\u0101ti, lai apmierin\\u0101tu j\\u016bsu matu unik\\u0101l\\u0101s vajadz\\u012bbas.\",\"margin\":\"small\",\"maxwidth\":\"large\",\"title_element\":\"div\",\"title_style\":\"h2\"}},{\"type\":\"text\",\"props\":{\"block_align\":\"center\",\"column_breakpoint\":\"m\",\"content\":\"\n\n<p>M\\u0113s lepojamies ar to, ka pied\\u0101v\\u0101jam individu\\u0101lu pieeju un sniedzam atbalstu saviem klientiem vis\\u0101 vi\\u0146u matu kop\\u0161anas ce\\u013cojuma laik\\u0101. M\\u0113s v\\u0113lamies, lai j\\u016bs justos p\\u0101rliecin\\u0101ti un skaisti katru reizi, kad lietojat m\\u016bsu produktus, un m\\u0113s dar\\u012bsim visu iesp\\u0113jamo, lai p\\u0101rliecin\\u0101tos, ka t\\u0101 ar\\u012b ir.<\\\/p>\",\"margin\":\"small\",\"margin_remove_bottom\":true,\"margin_remove_top\":false,\"maxwidth\":\"large\"}}]}]}],\"name\":\"Bathroom & Kitchen\"},{\"name\":\"Call to Action\",\"type\":\"section\",\"props\":{\"image_position\":\"center-center\",\"image_size\":\"cover\",\"padding\":\"large\",\"padding_remove_bottom\":false,\"style\":\"muted\",\"title_breakpoint\":\"xl\",\"title_position\":\"top-left\",\"title_rotation\":\"left\",\"vertical_align\":\"middle\",\"width\":\"small\"},\"children\":[{\"type\":\"row\",\"children\":[{\"type\":\"column\",\"props\":{\"image_position\":\"center-center\",\"position_sticky_breakpoint\":\"m\",\"vertical_align\":\"middle\"},\"children\":[{\"type\":\"image\",\"props\":{\"animation\":\"parallax\",\"image\":\"wp-content\\\/uploads\\\/2024\\\/02\\\/BIO-COLLAGEN-SHAMPOO-for-NORMAL-COLORED-HAIR.jpg\",\"image_box_decoration\":\"mask\",\"image_svg_color\":\"emphasis\",\"image_width\":\"380\",\"margin\":\"default\",\"parallax_easing\":\"0.6\",\"parallax_target\":\"!.uk-section\",\"parallax_transform_origin\":\"center-left\",\"parallax_y\":\"-10vh\",\"position\":\"absolute\",\"position_right\":\"25vw\",\"position_z_index\":\"0\",\"text_align\":\"left\",\"visibility\":\"m\"}},{\"type\":\"headline\",\"props\":{\"content\":\"PIEDZ\\u012aVO WOLFOX IMPERIAL MA\\u0122IJU\",\"maxwidth\":\"2xlarge\",\"position\":\"relative\",\"position_z_index\":\"1\",\"title_element\":\"div\",\"title_style\":\"heading-large\"}},{\"type\":\"text\",\"props\":{\"column_breakpoint\":\"m\",\"content\":\"\n\n<p>M\\u0113s ticam, ka lieliski mati s\\u0101kas ar lielisk\\u0101m sast\\u0101vda\\u013c\\u0101m. T\\u0101p\\u0113c esam r\\u016bp\\u012bgi izstr\\u0101d\\u0101ju\\u0161i savus matu kop\\u0161anas produktus ar dab\\u012bg\\u0101m sast\\u0101vda\\u013c\\u0101m, kas baro, mitrina un aizsarg\\u0101 j\\u016bsu matus. Izmantojot m\\u016bsu augst\\u0101k\\u0101s kvalit\\u0101tes formulas, Tu vari izbaud\\u012bt greznas matu kop\\u0161anas priek\\u0161roc\\u012bbas.<\\\/p>\",\"margin\":\"default\",\"maxwidth\":\"large\",\"position\":\"relative\"}},{\"type\":\"button\",\"props\":{\"grid_column_gap\":\"large\",\"grid_row_gap\":\"small\",\"margin\":\"medium\",\"position\":\"relative\",\"position_z_index\":\"1\"},\"children\":[{\"type\":\"button_item\",\"props\":{\"button_style\":\"default\",\"content\":\"Visi PRODUKTI\",\"icon\":\"\",\"icon_align\":\"left\",\"link\":\"shop\\\/\"}}]},{\"type\":\"image\",\"props\":{\"animation\":\"parallax\",\"image\":\"wp-content\\\/uploads\\\/2024\\\/01\\\/BIO-COLLAGEN-mask-for-GREASY-HAIR.jpg\",\"image_alt\":\"BIO COLLAGEN Mask for greasy hair\",\"image_svg_color\":\"emphasis\",\"image_width\":\"420\",\"margin\":\"default\",\"parallax_easing\":\"1\",\"parallax_target\":\"!.uk-section\",\"parallax_transform_origin\":\"center-right\",\"parallax_y\":\"-23vh\",\"position\":\"absolute\",\"position_left\":\"25vw\",\"position_top\":\"18vh\",\"position_z_index\":\"0\",\"text_align\":\"right\",\"visibility\":\"m\"}}]}],\"props\":{\"column_gap\":\"collapse\"}}]}],\"version\":\"4.3.12\"} --><\/p>\n","protected":false},"excerpt":{"rendered":"<p>PAR MUMS DABAS NOSL\u0112PUMS SKAISTIEM MATIEM M\u016aSU PRODUKTI \u013baujies greznai matu kop\u0161anai ar WOLFOX IMPERIALAtkl\u0101j savu matu patieso potenci\u0101lu SAST\u0100VDA\u013bAS Augst\u0101k\u0101s kvalit\u0101tes formulas greznai matu kop\u0161anai M\u0113s esam ap\u0146\u0113mu\u0161ies nodro\u0161in\u0101t j\u016bs ar vislab\u0101kajiem iesp\u0113jamajiem matu kop\u0161anas l\u012bdzek\u013ciem. T\u0101p\u0113c sav\u0101s formul\u0101s izmantojam tikai augst\u0101k\u0101s kvalit\u0101tes dab\u012bgas sast\u0101vda\u013cas. M\u016bsu \u0161amp\u016bni, matu maskas un kondicionieri ir r\u016bp\u012bgi izstr\u0101d\u0101ti [&hellip;]<\/p>\n","protected":false},"author":1,"featured_media":0,"parent":0,"menu_order":3,"comment_status":"open","ping_status":"closed","template":"","meta":{"footnotes":""},"class_list":["post-19","page","type-page","status-publish","hentry"],"_links":{"self":[{"href":"https:\/\/wolfoximperial.com\/en\/wp-json\/wp\/v2\/pages\/19","targetHints":{"allow":["GET"]}}],"collection":[{"href":"https:\/\/wolfoximperial.com\/en\/wp-json\/wp\/v2\/pages"}],"about":[{"href":"https:\/\/wolfoximperial.com\/en\/wp-json\/wp\/v2\/types\/page"}],"author":[{"embeddable":true,"href":"https:\/\/wolfoximperial.com\/en\/wp-json\/wp\/v2\/users\/1"}],"replies":[{"embeddable":true,"href":"https:\/\/wolfoximperial.com\/en\/wp-json\/wp\/v2\/comments?post=19"}],"version-history":[{"count":0,"href":"https:\/\/wolfoximperial.com\/en\/wp-json\/wp\/v2\/pages\/19\/revisions"}],"wp:attachment":[{"href":"https:\/\/wolfoximperial.com\/en\/wp-json\/wp\/v2\/media?parent=19"}],"curies":[{"name":"wp","href":"https:\/\/api.w.org\/{rel}","templated":true}]}}