{"id":1904,"date":"2024-03-13T16:32:26","date_gmt":"2024-03-13T14:32:26","guid":{"rendered":"https:\/\/wolfoximperial.com\/?page_id=1904"},"modified":"2024-03-14T16:20:35","modified_gmt":"2024-03-14T14:20:35","slug":"privacy-policy","status":"publish","type":"page","link":"https:\/\/wolfoximperial.com\/en\/privacy-policy\/","title":{"rendered":"Privacy policy"},"content":{"rendered":"<h2>Priv\u0101tuma politka<\/h2>\n<div>\n<p class=\"disclaimer\">\u0160\u012b priv\u0101tuma politika inform\u0113 par priv\u0101tuma praksi un personas datu apstr\u0101des principiem saist\u012bb\u0101 ar WOLFOX IMPERIAL m\u0101jas lapu un pakalpojumiem. Lai sazin\u0101tos saist\u012bb\u0101 ar datu apstr\u0101des jaut\u0101jumiem, l\u016bdzu rakstiet e-pastu uz info@wolfoximperial.com<\/p>\n<div class=\"legal\">\n<h2>K\u0101du inform\u0101ciju m\u0113s ieg\u016bstam?<\/h2>\n<p>M\u0113s ieg\u016bstam t\u0101dus personas datus, ko j\u016bs mums br\u012bvpr\u0101t\u012bgi sniedzat ar e-pasta starpniec\u012bbu, aizpildot t\u012bmekl\u012b b\u0101z\u0113t\u0101s anketas un cit\u0101 tie\u0161\u0101 sazi\u0146\u0101 ar jums.<\/p>\n<p>Iesniedzot pas\u016bt\u012bjumu, jums j\u0101nor\u0101da v\u0101rds, uzv\u0101rds, kontaktinform\u0101cija, pieg\u0101des adrese, un cita inform\u0101cija kuru j\u016bs v\u0113laties sniegt.<\/p>\n<h2>K\u0101 m\u0113s izmantojam ieg\u016btos personas datus?<\/h2>\n<p>M\u0113s varam izmantot ieg\u016btos personas datus, lai<\/p>\n<ul>\n<li>sniegtu jums j\u016bsu piepras\u012btos pakalpojumus un inform\u0101ciju,<\/li>\n<li>apstr\u0101d\u0101tu j\u016bsu pas\u016bt\u012bjumus un noform\u0113tu nepiecie\u0161amos dokumentus,<\/li>\n<li>sniegtu jums efekt\u012bvu klientu atbalstu,<\/li>\n<li>pal\u012bdz\u0113tu nov\u0113rst apdraud\u0113jumu vai kr\u0101pnieciskas darb\u012bbas,<\/li>\n<li>nos\u016bt\u012btu jums informat\u012bvus zi\u0146ojumus, ja esat nep\u0101rprotami piekritu\u0161i t\u0101dus sa\u0146emt,<\/li>\n<li>iev\u0113rotu normat\u012bvo aktu pras\u012bbas.<\/li>\n<\/ul>\n<p>M\u0113s varam nodot j\u016bsu inform\u0101ciju tre\u0161aj\u0101m person\u0101m, lai iev\u0113rotu normat\u012bvo aktu pras\u012bbas, sadarbotos ar uzraudz\u012bbas iest\u0101d\u0113m, pal\u012bdz\u0113tu nov\u0113rstu noziedz\u012bgas darb\u012bbas un aizsarg\u0101tu m\u016bsu, j\u016bsu un citu personu likum\u012bg\u0101s ties\u012bbas.<\/p>\n<div class=\"nobreak\">\n<h2>K\u0101 m\u0113s aizsarg\u0101jam personas datus?<\/h2>\n<p>J\u016bsu personas datu aizsardz\u012bbai m\u0113s izmantojam da\u017e\u0101dus tehniskus un organizatoriskus dro\u0161\u012bbas pas\u0101kumus. J\u016bsu personas dati ir pieejami ierobe\u017eotam cilv\u0113ku skaitam, tikai pilnvarot\u0101m person\u0101m.<\/p>\n<\/div>\n<h2>Cik ilgi m\u0113s glab\u0101jam personas datus?<\/h2>\n<p>M\u0113s glab\u0101jam j\u016bsu personas datus tik ilgi, cik ilgi tie ir mums nepiecie\u0161ami atbilsto\u0161i to ieguves m\u0113r\u0137im un k\u0101 to pie\u013cauj vai nosaka normat\u012bvo aktu pras\u012bbas.<\/p>\n<h2>K\u0101 m\u0113s izmantojam s\u012bkdatnes?<\/h2>\n<p>S\u012bkdatnes ir nelielas teksta datnes, ko j\u016bsu apmekl\u0113t\u0101s m\u0101jas lapas saglab\u0101 j\u016bsu dator\u0101. T\u0101s tiek izmantotas, lai nodro\u0161in\u0101tu m\u0101jas lapas darb\u012bbu, k\u0101 ar\u012b lai sniegtu inform\u0101ciju vietnes \u012bpa\u0161niekiem.<\/p>\n<p>\u0160\u012b m\u0101jas lapa var iestat\u012bt sekojo\u0161as s\u012bkdatnes:<\/p>\n<ul>\n<li><b>Funkcion\u0101l\u0101s s\u012bkdatnes.<\/b> \u0160\u012bs s\u012bkdatnes ir nepiecie\u0161amas, lai j\u016bs sp\u0113tu p\u0101rvietoties m\u0101jas lap\u0101 un lietot t\u0101s funkcijas. Bez \u0161im s\u012bkdatn\u0113m m\u0113s nevaram nodro\u0161in\u0101t j\u016bsu piepras\u012btos pakalpojumus, piem\u0113ram, pre\u010du groza funkcionalit\u0101ti.<\/li>\n<li><b>Google Analytics s\u012bkdatnes.<\/b> \u0160\u012bs s\u012bkdatnes lieto, lai ieg\u016btu m\u016bsu m\u0101jas lapas apmekl\u0113juma statistiku. M\u0113s lietojam \u0161o inform\u0101ciju, lai uzlabotu vietnes darb\u012bbu un rekl\u0101mas pas\u0101kumus.<\/li>\n<li><b>M\u0113r\u0137\u0113tas rekl\u0101mas r\u012bku s\u012bkdatnes.<\/b> \u0160\u012bs s\u012bkdatnes lieto, lai paaugstin\u0101tu rekl\u0101mas efektivit\u0101ti un r\u0101d\u012btu rekl\u0101mas, kas, visticam\u0101k, j\u016bs interes\u0113s visvair\u0101k.<\/li>\n<li><b>Tre\u0161\u0101s puses pakalpojumu sniedz\u0113ja s\u012bkdatnes.<\/b> S\u012bkdatnes var iestat\u012bt \u0161\u0101di \u0161aj\u0101 m\u0101jas lap\u0101 lietotie tre\u0161o pu\u0161u pakalpojumi: Facebook poga &#8220;Pat\u012bk&#8221;, YouTube video. Da\u017eas no \u0161\u012bm s\u012bkdatn\u0113m var tikt izmantotas, lai sekotu l\u012bdzi j\u016bsu darb\u012bb\u0101m cit\u0101s m\u0101jas lap\u0101s, un m\u0113s t\u0101s nevaram kontrol\u0113t, jo \u0161\u012bs s\u012bkdatnes nav iestat\u012bjusi m\u016bsu m\u0101jas lapa.<\/li>\n<\/ul>\n<h3>K\u0101 atteikties no s\u012bkdatn\u0113m?<\/h3>\n<p>Lai atteiktos no s\u012bkdat\u0146u sa\u0146em\u0161anas, j\u016bs varat izmantojot priv\u0101t\u0101s p\u0101rl\u016bko\u0161anas re\u017e\u012bmu, kuru nodro\u0161ina liel\u0101k\u0101 da\u013ca p\u0101rl\u016bkprogrammu (priv\u0101ts logs, inkognito logs vai <i>InPrivate<\/i> logs). Jebk\u0101das s\u012bkdatnes, kas tiek izveidotas, darbojoties priv\u0101t\u0101s p\u0101rl\u016bko\u0161anas re\u017e\u012bm\u0101, tiek dz\u0113stas, tikl\u012bdz j\u016bs aizverat visus p\u0101rl\u016bka logus.<\/p>\n<p>Lai atteiktos no m\u0113r\u0137\u0113tas rekl\u0101mas r\u0101d\u012b\u0161anai nepiecie\u0161am\u0101s inform\u0101cijas ieg\u016b\u0161anas un lieto\u0161anas, j\u016bs varat izmantot bezmaksas r\u012bku <a href=\"https:\/\/www.youronlinechoices.com\/\" target=\"_blank\" rel=\"noopener\">Your Online Choices<\/a> vai <a href=\"http:\/\/www.aboutads.info\/\" target=\"_blank\" rel=\"noopener\">YourAdChoices<\/a>.<\/p>\n<div class=\"nobreak\">\n<h2>J\u016bsu ties\u012bbas saist\u012bb\u0101 ar j\u016bsu personas datiem<\/h2>\n<p>Ja j\u016bs esat datu subjekts saska\u0146\u0101 ar <a href=\"https:\/\/ec.europa.eu\/info\/law\/law-topic\/data-protection_lv\" target=\"_blank\" rel=\"noopener\">ES VDAR<\/a> (piem\u0113ram, j\u016bs esat ES pilsonis un sniedzat mums savus personas datus), jums ir turpm\u0101k min\u0113t\u0101s ties\u012bbas saist\u012bb\u0101 ar saviem personas datiem:<\/p>\n<\/div>\n<ul>\n<li><b>Ties\u012bbas piek\u013c\u016bt inform\u0101cijai.<\/b> Jums ir ties\u012bbas sa\u0146emt inform\u0101ciju par to, k\u0101p\u0113c un k\u0101 tiek apstr\u0101d\u0101ti j\u016bsu personas dati. Jums ir ties\u012bbas bez maksas sa\u0146emt m\u016bsu r\u012bc\u012bb\u0101 eso\u0161o j\u016bsu personas datu kopiju pla\u0161i izmantot\u0101 elektronisk\u0101 form\u0101t\u0101.<\/li>\n<li><b>Ties\u012bbas labot.<\/b> Jums ir ties\u012bbas pan\u0101kt neprec\u012bzu vai nepiln\u012bgu personas datu labo\u0161anu vai papildin\u0101\u0161anu bez nepamatotas kav\u0113\u0161an\u0101s.<\/li>\n<li><b>Ties\u012bbas \u201etikt aizmirstam\u201d.<\/b> Jums ir ties\u012bbas atsaukt savu piekri\u0161anu personas datu apstr\u0101dei un pan\u0101kt savu personas datu dz\u0113\u0161anu bez nepamatotas kav\u0113\u0161an\u0101s, tikl\u012bdz dati vairs nav nepiecie\u0161ami, lai sniegtu j\u016bsu piepras\u012btos pakalpojumus un iev\u0113rotu normat\u012bvo aktu pras\u012bbas.<\/li>\n<li><b>Ties\u012bbas ierobe\u017eot apstr\u0101di.<\/b> Jums ir ties\u012bbas pan\u0101kt savu personas datu apstr\u0101des ierobe\u017eo\u0161anu, ja j\u016bs iebilstat pret to un mums nav le\u0123it\u012bmu pamatu turpin\u0101t apstr\u0101di, ja j\u016bs apstr\u012bdat datu precizit\u0101ti, ja apstr\u0101de ir pretlikum\u012bga vai ja j\u016bs piepras\u0101t celt, \u012bstenot vai aizst\u0101v\u0113t likum\u012bgas pras\u012bbas.<\/li>\n<li><b>Ties\u012bbas iebilst.<\/b> Jums ir ties\u012bbas jebkur\u0101 br\u012bd\u012b iebilst pret datu apstr\u0101di, ja vien tas nav nepiecie\u0161ams sabiedr\u012bbas interes\u0113s veicamam uzdevumam vai apstr\u0101dei nepast\u0101v neapstr\u012bdami likum\u012bgs pamats.<\/li>\n<li><b>Citas ties\u012bbas saska\u0146\u0101 ar VDAR.<\/b> Vair\u0101k inform\u0101cijas skatiet, apmekl\u0113jot <a href=\"https:\/\/ec.europa.eu\/info\/law\/law-topic\/data-protection\/reform\/rights-citizens_lv\" target=\"_blank\" rel=\"noopener\">ES datu aizsardz\u012bbai velt\u012bto m\u0101jas lapu<\/a>.<\/li>\n<\/ul>\n<\/div>\n<\/div>\n<p><!--more--><br \/>\n<!-- {\"type\":\"layout\",\"children\":[{\"type\":\"section\",\"props\":{\"animation\":\"fade\",\"image_position\":\"center-center\",\"padding\":\"xlarge\",\"style\":\"default\",\"title_breakpoint\":\"xl\",\"title_position\":\"top-left\",\"title_rotation\":\"left\",\"vertical_align\":\"middle\",\"width\":\"\"},\"children\":[{\"type\":\"row\",\"props\":{\"column_gap\":\"large\",\"layout\":\"1-2,1-2\",\"row_gap\":\"large\",\"width\":\"large\"},\"children\":[{\"type\":\"column\",\"props\":{\"image_position\":\"center-center\",\"position_sticky\":\"column\",\"position_sticky_breakpoint\":\"m\",\"position_sticky_offset\":\"100px\",\"width_medium\":\"1-2\"},\"children\":[{\"type\":\"headline\",\"props\":{\"content\":\"Priv\\u0101tuma politka\",\"text_align\":\"left\",\"title_element\":\"h2\",\"title_style\":\"heading-medium\"}}]},{\"type\":\"column\",\"props\":{\"image_position\":\"center-center\",\"position_sticky_breakpoint\":\"m\",\"width_medium\":\"1-2\"},\"children\":[{\"type\":\"text\",\"props\":{\"column_breakpoint\":\"m\",\"content\":\"\n\n<p class=\\\"disclaimer\\\">\\u0160\\u012b priv\\u0101tuma politika inform\\u0113 par priv\\u0101tuma praksi un personas datu apstr\\u0101des principiem saist\\u012bb\\u0101 ar WOLFOX IMPERIAL m\\u0101jas lapu un pakalpojumiem. Lai sazin\\u0101tos saist\\u012bb\\u0101 ar datu apstr\\u0101des jaut\\u0101jumiem, l\\u016bdzu rakstiet e-pastu uz info@wolfoximperial.com<\\\/p>\\n\n\n<div class=\\\"legal\\\">\\n\n\n<h2>K\\u0101du inform\\u0101ciju m\\u0113s ieg\\u016bstam?<\\\/h2>\\n\n\n<p>M\\u0113s ieg\\u016bstam t\\u0101dus personas datus, ko j\\u016bs mums br\\u012bvpr\\u0101t\\u012bgi sniedzat ar e-pasta starpniec\\u012bbu, aizpildot t\\u012bmekl\\u012b b\\u0101z\\u0113t\\u0101s anketas un cit\\u0101 tie\\u0161\\u0101 sazi\\u0146\\u0101 ar jums.<\\\/p>\\n\n\n<p>Iesniedzot pas\\u016bt\\u012bjumu, jums j\\u0101nor\\u0101da v\\u0101rds, uzv\\u0101rds, kontaktinform\\u0101cija, pieg\\u0101des adrese, un cita inform\\u0101cija kuru j\\u016bs v\\u0113laties sniegt.<\\\/p>\\n\n\n<h2>K\\u0101 m\\u0113s izmantojam ieg\\u016btos personas datus?<\\\/h2>\\n\n\n<p>M\\u0113s varam izmantot ieg\\u016btos personas datus, lai<\\\/p>\\n\n\n<ul>\\n\n\n<li>sniegtu jums j\\u016bsu piepras\\u012btos pakalpojumus un inform\\u0101ciju,<\\\/li>\\n\n\n<li>apstr\\u0101d\\u0101tu j\\u016bsu pas\\u016bt\\u012bjumus un noform\\u0113tu nepiecie\\u0161amos dokumentus,<\\\/li>\\n\n\n<li>sniegtu jums efekt\\u012bvu klientu atbalstu,<\\\/li>\\n\n\n<li>pal\\u012bdz\\u0113tu nov\\u0113rst apdraud\\u0113jumu vai kr\\u0101pnieciskas darb\\u012bbas,<\\\/li>\\n\n\n<li>nos\\u016bt\\u012btu jums informat\\u012bvus zi\\u0146ojumus, ja esat nep\\u0101rprotami piekritu\\u0161i t\\u0101dus sa\\u0146emt,<\\\/li>\\n\n\n<li>iev\\u0113rotu normat\\u012bvo aktu pras\\u012bbas.<\\\/li>\\n<\\\/ul>\\n\n\n<p>M\\u0113s varam nodot j\\u016bsu inform\\u0101ciju tre\\u0161aj\\u0101m person\\u0101m, lai iev\\u0113rotu normat\\u012bvo aktu pras\\u012bbas, sadarbotos ar uzraudz\\u012bbas iest\\u0101d\\u0113m, pal\\u012bdz\\u0113tu nov\\u0113rstu noziedz\\u012bgas darb\\u012bbas un aizsarg\\u0101tu m\\u016bsu, j\\u016bsu un citu personu likum\\u012bg\\u0101s ties\\u012bbas.<\\\/p>\\n\n\n<div class=\\\"nobreak\\\">\\n\n\n<h2>K\\u0101 m\\u0113s aizsarg\\u0101jam personas datus?<\\\/h2>\\n\n\n<p>J\\u016bsu personas datu aizsardz\\u012bbai m\\u0113s izmantojam da\\u017e\\u0101dus tehniskus un organizatoriskus dro\\u0161\\u012bbas pas\\u0101kumus. J\\u016bsu personas dati ir pieejami ierobe\\u017eotam cilv\\u0113ku skaitam, tikai pilnvarot\\u0101m person\\u0101m.<\\\/p>\\n<\\\/div>\\n\n\n<h2>Cik ilgi m\\u0113s glab\\u0101jam personas datus?<\\\/h2>\\n\n\n<p>M\\u0113s glab\\u0101jam j\\u016bsu personas datus tik ilgi, cik ilgi tie ir mums nepiecie\\u0161ami atbilsto\\u0161i to ieguves m\\u0113r\\u0137im un k\\u0101 to pie\\u013cauj vai nosaka normat\\u012bvo aktu pras\\u012bbas.<\\\/p>\\n\n\n<h2>K\\u0101 m\\u0113s izmantojam s\\u012bkdatnes?<\\\/h2>\\n\n\n<p>S\\u012bkdatnes ir nelielas teksta datnes, ko j\\u016bsu apmekl\\u0113t\\u0101s m\\u0101jas lapas saglab\\u0101 j\\u016bsu dator\\u0101. T\\u0101s tiek izmantotas, lai nodro\\u0161in\\u0101tu m\\u0101jas lapas darb\\u012bbu, k\\u0101 ar\\u012b lai sniegtu inform\\u0101ciju vietnes \\u012bpa\\u0161niekiem.<\\\/p>\\n\n\n<p>\\u0160\\u012b m\\u0101jas lapa var iestat\\u012bt sekojo\\u0161as s\\u012bkdatnes:<\\\/p>\\n\n\n<ul>\\n\n\n<li><b>Funkcion\\u0101l\\u0101s s\\u012bkdatnes.<\\\/b> \\u0160\\u012bs s\\u012bkdatnes ir nepiecie\\u0161amas, lai j\\u016bs sp\\u0113tu p\\u0101rvietoties m\\u0101jas lap\\u0101 un lietot t\\u0101s funkcijas. Bez \\u0161im s\\u012bkdatn\\u0113m m\\u0113s nevaram nodro\\u0161in\\u0101t j\\u016bsu piepras\\u012btos pakalpojumus, piem\\u0113ram, pre\\u010du groza funkcionalit\\u0101ti.<\\\/li>\\n\n\n<li><b>Google Analytics s\\u012bkdatnes.<\\\/b> \\u0160\\u012bs s\\u012bkdatnes lieto, lai ieg\\u016btu m\\u016bsu m\\u0101jas lapas apmekl\\u0113juma statistiku. M\\u0113s lietojam \\u0161o inform\\u0101ciju, lai uzlabotu vietnes darb\\u012bbu un rekl\\u0101mas pas\\u0101kumus.<\\\/li>\\n\n\n<li><b>M\\u0113r\\u0137\\u0113tas rekl\\u0101mas r\\u012bku s\\u012bkdatnes.<\\\/b> \\u0160\\u012bs s\\u012bkdatnes lieto, lai paaugstin\\u0101tu rekl\\u0101mas efektivit\\u0101ti un r\\u0101d\\u012btu rekl\\u0101mas, kas, visticam\\u0101k, j\\u016bs interes\\u0113s visvair\\u0101k.<\\\/li>\\n\n\n<li><b>Tre\\u0161\\u0101s puses pakalpojumu sniedz\\u0113ja s\\u012bkdatnes.<\\\/b> S\\u012bkdatnes var iestat\\u012bt \\u0161\\u0101di \\u0161aj\\u0101 m\\u0101jas lap\\u0101 lietotie tre\\u0161o pu\\u0161u pakalpojumi: Facebook poga \\\"Pat\\u012bk\\\", YouTube video. Da\\u017eas no \\u0161\\u012bm s\\u012bkdatn\\u0113m var tikt izmantotas, lai sekotu l\\u012bdzi j\\u016bsu darb\\u012bb\\u0101m cit\\u0101s m\\u0101jas lap\\u0101s, un m\\u0113s t\\u0101s nevaram kontrol\\u0113t, jo \\u0161\\u012bs s\\u012bkdatnes nav iestat\\u012bjusi m\\u016bsu m\\u0101jas lapa.<\\\/li>\\n<\\\/ul>\\n\n\n<h3>K\\u0101 atteikties no s\\u012bkdatn\\u0113m?<\\\/h3>\\n\n\n<p>Lai atteiktos no s\\u012bkdat\\u0146u sa\\u0146em\\u0161anas, j\\u016bs varat izmantojot priv\\u0101t\\u0101s p\\u0101rl\\u016bko\\u0161anas re\\u017e\\u012bmu, kuru nodro\\u0161ina liel\\u0101k\\u0101 da\\u013ca p\\u0101rl\\u016bkprogrammu (priv\\u0101ts logs, inkognito logs vai <i>InPrivate<\\\/i> logs). Jebk\\u0101das s\\u012bkdatnes, kas tiek izveidotas, darbojoties priv\\u0101t\\u0101s p\\u0101rl\\u016bko\\u0161anas re\\u017e\\u012bm\\u0101, tiek dz\\u0113stas, tikl\\u012bdz j\\u016bs aizverat visus p\\u0101rl\\u016bka logus.<\\\/p>\\n\n\n<p>Lai atteiktos no m\\u0113r\\u0137\\u0113tas rekl\\u0101mas r\\u0101d\\u012b\\u0161anai nepiecie\\u0161am\\u0101s inform\\u0101cijas ieg\\u016b\\u0161anas un lieto\\u0161anas, j\\u016bs varat izmantot bezmaksas r\\u012bku <a href=\\\"https:\\\/\\\/www.youronlinechoices.com\\\/\\\" target=\\\"_blank\\\" rel=\\\"noopener\\\">Your Online Choices<\\\/a> vai <a href=\\\"http:\\\/\\\/www.aboutads.info\\\/\\\" target=\\\"_blank\\\" rel=\\\"noopener\\\">YourAdChoices<\\\/a>.<\\\/p>\\n\n\n<div class=\\\"nobreak\\\">\\n\n\n<h2>J\\u016bsu ties\\u012bbas saist\\u012bb\\u0101 ar j\\u016bsu personas datiem<\\\/h2>\\n\n\n<p>Ja j\\u016bs esat datu subjekts saska\\u0146\\u0101 ar <a href=\\\"https:\\\/\\\/ec.europa.eu\\\/info\\\/law\\\/law-topic\\\/data-protection_lv\\\" target=\\\"_blank\\\" rel=\\\"noopener\\\">ES VDAR<\\\/a> (piem\\u0113ram, j\\u016bs esat ES pilsonis un sniedzat mums savus personas datus), jums ir turpm\\u0101k min\\u0113t\\u0101s ties\\u012bbas saist\\u012bb\\u0101 ar saviem personas datiem:<\\\/p>\\n<\\\/div>\\n\n\n<ul>\\n\n\n<li><b>Ties\\u012bbas piek\\u013c\\u016bt inform\\u0101cijai.<\\\/b> Jums ir ties\\u012bbas sa\\u0146emt inform\\u0101ciju par to, k\\u0101p\\u0113c un k\\u0101 tiek apstr\\u0101d\\u0101ti j\\u016bsu personas dati. Jums ir ties\\u012bbas bez maksas sa\\u0146emt m\\u016bsu r\\u012bc\\u012bb\\u0101 eso\\u0161o j\\u016bsu personas datu kopiju pla\\u0161i izmantot\\u0101 elektronisk\\u0101 form\\u0101t\\u0101.<\\\/li>\\n\n\n<li><b>Ties\\u012bbas labot.<\\\/b> Jums ir ties\\u012bbas pan\\u0101kt neprec\\u012bzu vai nepiln\\u012bgu personas datu labo\\u0161anu vai papildin\\u0101\\u0161anu bez nepamatotas kav\\u0113\\u0161an\\u0101s.<\\\/li>\\n\n\n<li><b>Ties\\u012bbas \\u201etikt aizmirstam\\u201d.<\\\/b> Jums ir ties\\u012bbas atsaukt savu piekri\\u0161anu personas datu apstr\\u0101dei un pan\\u0101kt savu personas datu dz\\u0113\\u0161anu bez nepamatotas kav\\u0113\\u0161an\\u0101s, tikl\\u012bdz dati vairs nav nepiecie\\u0161ami, lai sniegtu j\\u016bsu piepras\\u012btos pakalpojumus un iev\\u0113rotu normat\\u012bvo aktu pras\\u012bbas.<\\\/li>\\n\n\n<li><b>Ties\\u012bbas ierobe\\u017eot apstr\\u0101di.<\\\/b> Jums ir ties\\u012bbas pan\\u0101kt savu personas datu apstr\\u0101des ierobe\\u017eo\\u0161anu, ja j\\u016bs iebilstat pret to un mums nav le\\u0123it\\u012bmu pamatu turpin\\u0101t apstr\\u0101di, ja j\\u016bs apstr\\u012bdat datu precizit\\u0101ti, ja apstr\\u0101de ir pretlikum\\u012bga vai ja j\\u016bs piepras\\u0101t celt, \\u012bstenot vai aizst\\u0101v\\u0113t likum\\u012bgas pras\\u012bbas.<\\\/li>\\n\n\n<li><b>Ties\\u012bbas iebilst.<\\\/b> Jums ir ties\\u012bbas jebkur\\u0101 br\\u012bd\\u012b iebilst pret datu apstr\\u0101di, ja vien tas nav nepiecie\\u0161ams sabiedr\\u012bbas interes\\u0113s veicamam uzdevumam vai apstr\\u0101dei nepast\\u0101v neapstr\\u012bdami likum\\u012bgs pamats.<\\\/li>\\n\n\n<li><b>Citas ties\\u012bbas saska\\u0146\\u0101 ar VDAR.<\\\/b> Vair\\u0101k inform\\u0101cijas skatiet, apmekl\\u0113jot <a href=\\\"https:\\\/\\\/ec.europa.eu\\\/info\\\/law\\\/law-topic\\\/data-protection\\\/reform\\\/rights-citizens_lv\\\" target=\\\"_blank\\\" rel=\\\"noopener\\\">ES datu aizsardz\\u012bbai velt\\u012bto m\\u0101jas lapu<\\\/a>.<\\\/li>\\n<\\\/ul>\\n<\\\/div>\",\"margin\":\"default\"}}]}]}],\"name\":\"About\"}],\"version\":\"4.3.7\"} --><\/p>\n","protected":false},"excerpt":{"rendered":"<p>Priv\u0101tuma politka \u0160\u012b priv\u0101tuma politika inform\u0113 par priv\u0101tuma praksi un personas datu apstr\u0101des principiem saist\u012bb\u0101 ar WOLFOX IMPERIAL m\u0101jas lapu un pakalpojumiem. Lai sazin\u0101tos saist\u012bb\u0101 ar datu apstr\u0101des jaut\u0101jumiem, l\u016bdzu rakstiet e-pastu uz info@wolfoximperial.com K\u0101du inform\u0101ciju m\u0113s ieg\u016bstam? M\u0113s ieg\u016bstam t\u0101dus personas datus, ko j\u016bs mums br\u012bvpr\u0101t\u012bgi sniedzat ar e-pasta starpniec\u012bbu, aizpildot t\u012bmekl\u012b b\u0101z\u0113t\u0101s anketas [&hellip;]<\/p>\n","protected":false},"author":1,"featured_media":0,"parent":0,"menu_order":5,"comment_status":"closed","ping_status":"closed","template":"","meta":{"footnotes":""},"class_list":["post-1904","page","type-page","status-publish","hentry"],"_links":{"self":[{"href":"https:\/\/wolfoximperial.com\/en\/wp-json\/wp\/v2\/pages\/1904","targetHints":{"allow":["GET"]}}],"collection":[{"href":"https:\/\/wolfoximperial.com\/en\/wp-json\/wp\/v2\/pages"}],"about":[{"href":"https:\/\/wolfoximperial.com\/en\/wp-json\/wp\/v2\/types\/page"}],"author":[{"embeddable":true,"href":"https:\/\/wolfoximperial.com\/en\/wp-json\/wp\/v2\/users\/1"}],"replies":[{"embeddable":true,"href":"https:\/\/wolfoximperial.com\/en\/wp-json\/wp\/v2\/comments?post=1904"}],"version-history":[{"count":0,"href":"https:\/\/wolfoximperial.com\/en\/wp-json\/wp\/v2\/pages\/1904\/revisions"}],"wp:attachment":[{"href":"https:\/\/wolfoximperial.com\/en\/wp-json\/wp\/v2\/media?parent=1904"}],"curies":[{"name":"wp","href":"https:\/\/api.w.org\/{rel}","templated":true}]}}