{"id":1392,"date":"2023-02-28T00:22:11","date_gmt":"2023-02-28T00:22:11","guid":{"rendered":"https:\/\/webrand.lv\/wf\/?post_type=product&#038;p=1392"},"modified":"2025-09-23T14:12:25","modified_gmt":"2025-09-23T12:12:25","slug":"bio-keratina-maska-sausiem-matiem","status":"publish","type":"product","link":"https:\/\/wolfoximperial.com\/en\/product\/bio+keratin+mask+for+dry+hair\/","title":{"rendered":"BIO KERATIN mask for dry hair"},"content":{"rendered":"<p>250 ml<\/p>\n<p style=\"text-align: left;\">Our Bio-Keratin product line is specially designed to restore and protect dry, damaged, and color-treated hair. Keratin, a natural protein that makes up the structure of your hair, is the key ingredient in these products. It deeply nourishes and strengthens your hair, providing the protection it needs from everyday environmental aggressors and styling damage.<\/p>\n<p style=\"text-align: left;\"><strong>Why Choose Keratin for Hair Care?<\/strong><br \/>\n\u2714 Restoration &amp; Protection \u2013 Keratin replenishes and strengthens the hair\u2019s structure, making it more resilient<br \/>\n\u2714 Smoothness &amp; Shine \u2013 Leaves hair silky, smooth, and with a healthy, natural shine<br \/>\n\u2714 Damage Repair \u2013 Helps repair hair damaged by environmental stressors, heat styling, and chemical treatments<br \/>\n\u2714 Protection from External Factors \u2013 Keratin acts as a \u201cprotein shield\u201d protecting hair from UV rays, ozone, and pollutants<\/p>\n<p style=\"text-align: left;\"><strong>Active Ingredients &amp; Their Effects:<\/strong><br \/>\n\u2714 Keratec IFP PE \u2013 A high-concentration keratin that strengthens and restores hair<br \/>\n\u2714 Argan Oil \u2013 Helps to repair damaged hair, promotes growth, and adds shine<br \/>\n\u2714 Jojoba Oil \u2013 A deeply moisturizing oil that promotes hair growth and restores dry, damaged hair<br \/>\n\u2714 Panthenol (Vitamin B5) \u2013 Strengthens hair roots and restores hair structure<br>\n\u2714 Tocopherol (Vitamin E) \u2013 Protects and strengthens hair from environmental damage<\/p>\n<p style=\"text-align: left;\"><strong>How to Use:<\/strong><br \/>\nUse 1\u20132 times a week, applying to clean hair and leaving for 5\u201310 minutes before rinsing.<\/p>\n<p style=\"text-align: left;\"><strong>Results:<\/strong><br \/>\nYour hair will feel deeply nourished, repaired, and more resilient. Regular use helps restore dry, damaged hair, making it soft, shiny, and healthy-looking.s<br \/>\n\u26a0 Warning: Avoid contact with eyes. In case of contact, rinse immediately with plenty of water.<br \/>\nIdeal for daily use for all those who want to deeply repair and protect their hair with natural keratin!<\/p>","protected":false},"excerpt":{"rendered":"<p>250 ml M\u016bsu Bio-Kerat\u012bna produktu l\u012bnija ir izstr\u0101d\u0101ta, lai intens\u012bvi atjaunotu, stiprin\u0101tu un aizsarg\u0101tu sausus un boj\u0101tus matus. Galven\u0101 sast\u0101vda\u013ca \u2013 kerat\u012bns \u2013 ir dab\u012bgs olbaltumvielu komplekss, kas veido matu strukt\u016bras pamatu. Boj\u0101tu matu gad\u012bjum\u0101 kerat\u012bna l\u012bmenis samazin\u0101s, padarot tos trauslus un bl\u0101vus. M\u016bsu \u012bpa\u0161\u0101 divu veidu Keratec IFP PE un Bio-Keratin PF formula pal\u012bdz [&hellip;]<\/p>\n","protected":false},"featured_media":2303,"comment_status":"closed","ping_status":"closed","template":"","meta":[],"product_brand":[87],"product_cat":[54],"product_tag":[68,60],"class_list":{"0":"post-1392","1":"product","2":"type-product","3":"status-publish","4":"has-post-thumbnail","6":"product_brand-sausiem-matiem","7":"product_cat-matu-maskas","8":"product_tag-en","9":"product_tag-keratin","11":"first","12":"instock","13":"sale","14":"shipping-taxable","15":"purchasable","16":"product-type-simple"},"_links":{"self":[{"href":"https:\/\/wolfoximperial.com\/en\/wp-json\/wp\/v2\/product\/1392","targetHints":{"allow":["GET"]}}],"collection":[{"href":"https:\/\/wolfoximperial.com\/en\/wp-json\/wp\/v2\/product"}],"about":[{"href":"https:\/\/wolfoximperial.com\/en\/wp-json\/wp\/v2\/types\/product"}],"replies":[{"embeddable":true,"href":"https:\/\/wolfoximperial.com\/en\/wp-json\/wp\/v2\/comments?post=1392"}],"wp:featuredmedia":[{"embeddable":true,"href":"https:\/\/wolfoximperial.com\/en\/wp-json\/wp\/v2\/media\/2303"}],"wp:attachment":[{"href":"https:\/\/wolfoximperial.com\/en\/wp-json\/wp\/v2\/media?parent=1392"}],"wp:term":[{"taxonomy":"product_brand","embeddable":true,"href":"https:\/\/wolfoximperial.com\/en\/wp-json\/wp\/v2\/product_brand?post=1392"},{"taxonomy":"product_cat","embeddable":true,"href":"https:\/\/wolfoximperial.com\/en\/wp-json\/wp\/v2\/product_cat?post=1392"},{"taxonomy":"product_tag","embeddable":true,"href":"https:\/\/wolfoximperial.com\/en\/wp-json\/wp\/v2\/product_tag?post=1392"}],"curies":[{"name":"wp","href":"https:\/\/api.w.org\/{rel}","templated":true}]}}