{"id":2198,"date":"2024-10-29T16:36:28","date_gmt":"2024-10-29T14:36:28","guid":{"rendered":"https:\/\/wolfoximperial.com\/?post_type=product&#038;p=2198"},"modified":"2025-09-23T15:07:26","modified_gmt":"2025-09-23T13:07:26","slug":"bio-keratina-komplekts-sausiem-matiem","status":"publish","type":"product","link":"https:\/\/wolfoximperial.com\/en\/product\/bio-keratin-kit-for-dry-hair\/","title":{"rendered":"BIO KERATIN KIT for dry hair"},"content":{"rendered":"<p style=\"text-align: left;\">Matu maskas tilpums: <strong>250 ml<\/strong><br \/>\n\u0160amp\u016bna un kondicioniera tilpums: <strong>250 ml<\/strong> vai <strong>750 ml<\/strong><\/p>\n<p style=\"text-align: left;\">Our Bio-Keratin product line is specially designed to restore and protect dry, damaged, and color-treated hair. Keratin, a natural protein that makes up the structure of your hair, is the key ingredient in these products. It deeply nourishes and strengthens your hair, providing the protection it needs from everyday environmental aggressors and styling damage.<\/p>\n<p style=\"text-align: left;\"><strong>Why Choose Keratin for Hair Care?<\/strong><br \/>\n\u2714 Restoration &amp; Protection \u2013 Keratin replenishes and strengthens the hair\u2019s structure, making it more resilient<br \/>\n\u2714 Smoothness &amp; Shine \u2013 Leaves hair silky, smooth, and with a healthy, natural shine<br \/>\n\u2714 Damage Repair \u2013 Helps repair hair damaged by environmental stressors, heat styling, and chemical treatments<br \/>\n\u2714 Protection from External Factors \u2013 Keratin acts as a \u201cprotein shield\u201d protecting hair from UV rays, ozone, and pollutants<\/p>\n<p style=\"text-align: left;\"><strong>Active Ingredients &amp; Their Effects:<\/strong><br \/>\n\u2714 Keratec IFP PE \u2013 A high-concentration keratin that strengthens and restores hair<br \/>\n\u2714 Argan Oil \u2013 Helps to repair damaged hair, promotes growth, and adds shine<br \/>\n\u2714 Jojoba Oil \u2013 A deeply moisturizing oil that promotes hair growth and restores dry, damaged hair<br \/>\n\u2714 Panthenol (Vitamin B5) \u2013 Strengthens hair roots and restores hair structure<br>\n\u2714 Tocopherol (Vitamin E) \u2013 Protects and strengthens hair from environmental damage<\/p>\n<p style=\"text-align: left;\"><strong>How to Use:<\/strong><br \/>\n1. Shampoo: Apply to damp hair, massage into the scalp, and rinse thoroughly.<br \/>\n2. Conditioner: After washing, apply to hair ends, leave for 2\u20133 minutes, and rinse<br \/>\n3. Hair Mask: Use 1\u20132 times a week, apply to clean hair, and leave for 5\u201310 minutes before rinsing.<\/p>\n<p style=\"text-align: left;\"><strong>Results:<\/strong><br \/>\nYour hair will feel deeply nourished, repaired, and more resilient. Regular use helps restore dry, damaged hair, making it soft, shiny, and healthy-looking.s<br \/>\n\u26a0 Warning: Avoid contact with eyes. In case of contact, rinse immediately with plenty of water.<br \/>\nIdeal for daily use for all those who want to deeply repair and protect their hair with natural keratin!<\/p>","protected":false},"excerpt":{"rendered":"<p>Matu maskas tilpums: 250 ml \u0160amp\u016bna un kondicioniera tilpums: 250 ml vai 750 ml M\u016bsu Bio-Kerat\u012bna produktu l\u012bnija ir izstr\u0101d\u0101ta, lai intens\u012bvi atjaunotu, stiprin\u0101tu un aizsarg\u0101tu sausus un boj\u0101tus matus. Galven\u0101 sast\u0101vda\u013ca \u2013 kerat\u012bns \u2013 ir dab\u012bgs olbaltumvielu komplekss, kas veido matu strukt\u016bras pamatu. Boj\u0101tu matu gad\u012bjum\u0101 kerat\u012bna l\u012bmenis samazin\u0101s, padarot tos trauslus un bl\u0101vus. [&hellip;]<\/p>\n","protected":false},"featured_media":2152,"comment_status":"closed","ping_status":"closed","template":"","meta":[],"product_brand":[87],"product_cat":[75],"product_tag":[60],"class_list":{"0":"post-2198","1":"product","2":"type-product","3":"status-publish","4":"has-post-thumbnail","6":"product_brand-sausiem-matiem","7":"product_cat-komplekti","8":"product_tag-keratin","10":"first","11":"outofstock","12":"shipping-taxable","13":"purchasable","14":"product-type-variable","15":"has-default-attributes"},"_links":{"self":[{"href":"https:\/\/wolfoximperial.com\/en\/wp-json\/wp\/v2\/product\/2198","targetHints":{"allow":["GET"]}}],"collection":[{"href":"https:\/\/wolfoximperial.com\/en\/wp-json\/wp\/v2\/product"}],"about":[{"href":"https:\/\/wolfoximperial.com\/en\/wp-json\/wp\/v2\/types\/product"}],"replies":[{"embeddable":true,"href":"https:\/\/wolfoximperial.com\/en\/wp-json\/wp\/v2\/comments?post=2198"}],"wp:featuredmedia":[{"embeddable":true,"href":"https:\/\/wolfoximperial.com\/en\/wp-json\/wp\/v2\/media\/2152"}],"wp:attachment":[{"href":"https:\/\/wolfoximperial.com\/en\/wp-json\/wp\/v2\/media?parent=2198"}],"wp:term":[{"taxonomy":"product_brand","embeddable":true,"href":"https:\/\/wolfoximperial.com\/en\/wp-json\/wp\/v2\/product_brand?post=2198"},{"taxonomy":"product_cat","embeddable":true,"href":"https:\/\/wolfoximperial.com\/en\/wp-json\/wp\/v2\/product_cat?post=2198"},{"taxonomy":"product_tag","embeddable":true,"href":"https:\/\/wolfoximperial.com\/en\/wp-json\/wp\/v2\/product_tag?post=2198"}],"curies":[{"name":"wp","href":"https:\/\/api.w.org\/{rel}","templated":true}]}}